{"id":4295,"date":"2025-08-18T19:52:10","date_gmt":"2025-08-18T18:52:10","guid":{"rendered":"https:\/\/loisirslaprovidence.ca\/?page_id=4295"},"modified":"2025-11-25T21:49:18","modified_gmt":"2025-11-25T20:49:18","slug":"dansique","status":"publish","type":"page","link":"https:\/\/loisirslaprovidence.ca\/index.php\/dansique\/","title":{"rendered":"Dansique"},"content":{"rendered":"\t\t<div data-elementor-type=\"wp-page\" data-elementor-id=\"4295\" class=\"elementor elementor-4295\">\n\t\t\t\t\t\t<section class=\"elementor-section elementor-top-section elementor-element elementor-element-7bc0969 elementor-section-height-min-height elementor-section-boxed elementor-section-height-default elementor-section-items-middle\" data-id=\"7bc0969\" data-element_type=\"section\" data-e-type=\"section\" data-settings=\"{&quot;jet_parallax_layout_list&quot;:[],&quot;background_background&quot;:&quot;classic&quot;}\">\n\t\t\t\t\t\t<div class=\"elementor-container elementor-column-gap-default\">\n\t\t\t\t\t<div class=\"elementor-column elementor-col-100 elementor-top-column elementor-element elementor-element-eb752be\" data-id=\"eb752be\" data-element_type=\"column\" data-e-type=\"column\">\n\t\t\t<div class=\"elementor-widget-wrap elementor-element-populated\">\n\t\t\t\t\t\t<div class=\"elementor-element elementor-element-83b12e1 elementor-widget elementor-widget-heading\" data-id=\"83b12e1\" data-element_type=\"widget\" data-e-type=\"widget\" data-widget_type=\"heading.default\">\n\t\t\t\t<div class=\"elementor-widget-container\">\n\t\t\t\t\t<h2 class=\"elementor-heading-title elementor-size-default\">DANsique<\/h2>\t\t\t\t<\/div>\n\t\t\t\t<\/div>\n\t\t\t\t\t<\/div>\n\t\t<\/div>\n\t\t\t\t\t<\/div>\n\t\t<\/section>\n\t\t\t\t<section class=\"elementor-section elementor-top-section elementor-element elementor-element-4240457 elementor-section-boxed elementor-section-height-default elementor-section-height-default\" data-id=\"4240457\" data-element_type=\"section\" data-e-type=\"section\" data-settings=\"{&quot;jet_parallax_layout_list&quot;:[]}\">\n\t\t\t\t\t\t<div class=\"elementor-container elementor-column-gap-default\">\n\t\t\t\t\t<div class=\"elementor-column elementor-col-100 elementor-top-column elementor-element elementor-element-2d46660\" data-id=\"2d46660\" data-element_type=\"column\" data-e-type=\"column\">\n\t\t\t<div class=\"elementor-widget-wrap elementor-element-populated\">\n\t\t\t\t\t\t<div class=\"elementor-element elementor-element-0265dba elementor-widget__width-initial elementor-widget elementor-widget-text-editor\" data-id=\"0265dba\" data-element_type=\"widget\" data-e-type=\"widget\" data-widget_type=\"text-editor.default\">\n\t\t\t\t<div class=\"elementor-widget-container\">\n\t\t\t\t\t\t\t\t\t<p>Nous avons une grande nouvelle \u00e0 vous annoncer : notre \u00e9cole de danse fusionne avec <strong>l\u2019\u00c9cole Dansique des Loisirs Ste-Rosalie<\/strong> ! \ud83c\udf89<\/p><p>Cette union marque une \u00e9tape importante pour notre communaut\u00e9 de danse, et nous sommes ravis de vous offrir une <strong>programmation enrichie<\/strong> et plus diversifi\u00e9e d\u00e8s l&rsquo;automne prochain. Gr\u00e2ce \u00e0 cette fusion, nous vous proposons d\u00e9sormais deux volets distincts :<\/p><p>\ud83d\udc49 <strong>Volet Hip Hop<\/strong> \u2013 offert aux <strong>Loisirs Ste-Rosalie<\/strong><br \/>\ud83d\udc49 <strong>Volet Contemporain\/Jazz<\/strong> \u2013 offert aux <strong>Loisirs La Providence<\/strong><\/p><p>Les danseurs et danseuses pourront s&rsquo;inscrire \u00e0 <strong>un ou plusieurs volets<\/strong>, selon leurs int\u00e9r\u00eats, afin de <strong>multiplier les apprentissages, le plaisir et les occasions de se d\u00e9passer<\/strong>. C\u2019est une belle opportunit\u00e9 d\u2019\u00e9largir leurs horizons artistiques tout en demeurant dans un cadre stimulant et bienveillant.<\/p><h3><span style=\"color: #a22ae0;\">Pourquoi cette fusion est avantageuse pour votre enfant :<\/span><\/h3><ul><li><strong>Une offre plus vari\u00e9e et sp\u00e9cialis\u00e9e<\/strong> dans des styles de danse compl\u00e9mentaires<\/li><li><strong>Des installations adapt\u00e9es<\/strong> aux besoins de chaque discipline<\/li><li><strong>Une \u00e9quipe \u00e9largie de professeurs passionn\u00e9s et exp\u00e9riment\u00e9s<\/strong><\/li><li><strong>Des occasions de participation \u00e0 des \u00e9v\u00e9nements communs<\/strong>, spectacles ou projets sp\u00e9ciaux<\/li><\/ul><h3><span style=\"color: #a22ae0;\">Inscriptions ouvertes d\u00e8s maintenant !<\/span><\/h3><p>\ud83d\udd39 Pour le <strong>volet Hip Hop<\/strong> : <a href=\"https:\/\/www.sport-plus-online.com\/prmsmvc\/Home\/Index\" target=\"_blank\" rel=\"noopener noreferrer\">Loisirs Ste-Rosalie<\/a><br \/>\ud83d\udd39 Pour le <strong>volet Contemporain\/Jazz<\/strong> \u00a0: <a href=\"https:\/\/www.sport-plus-online.com\/prmsmvc\/Home\/Index\" target=\"_blank\" rel=\"noopener noreferrer\">Loisirs La Providence<\/a><\/p><p>Veuillez consulter ci-joint la <strong>programmation compl\u00e8te d&rsquo;automne<\/strong> pour chacun des volets.<br \/>N\u2019h\u00e9sitez pas \u00e0 nous \u00e9crire pour toute question !<\/p><p>Au plaisir de vous retrouver sur la piste de danse cet automne \u2728<\/p><p>Am\u00e9lie Faille, coordonnatrice en Loisirs<\/p><p>T\u00e9l. : 450 773-7711<\/p>\t\t\t\t\t\t\t\t<\/div>\n\t\t\t\t<\/div>\n\t\t\t\t\t<\/div>\n\t\t<\/div>\n\t\t\t\t\t<\/div>\n\t\t<\/section>\n\t\t\t\t<section class=\"elementor-section elementor-top-section elementor-element elementor-element-4b8de7c elementor-section-boxed elementor-section-height-default elementor-section-height-default\" data-id=\"4b8de7c\" data-element_type=\"section\" data-e-type=\"section\" data-settings=\"{&quot;jet_parallax_layout_list&quot;:[],&quot;background_background&quot;:&quot;classic&quot;}\">\n\t\t\t\t\t\t<div class=\"elementor-container elementor-column-gap-default\">\n\t\t\t\t\t<div class=\"elementor-column elementor-col-100 elementor-top-column elementor-element elementor-element-f1373d6\" data-id=\"f1373d6\" data-element_type=\"column\" data-e-type=\"column\">\n\t\t\t<div class=\"elementor-widget-wrap elementor-element-populated\">\n\t\t\t\t\t\t<div class=\"elementor-element elementor-element-63d4f71 elementor-widget elementor-widget-heading\" data-id=\"63d4f71\" data-element_type=\"widget\" data-e-type=\"widget\" data-widget_type=\"heading.default\">\n\t\t\t\t<div class=\"elementor-widget-container\">\n\t\t\t\t\t<h2 class=\"elementor-heading-title elementor-size-default\">Automne<\/h2>\t\t\t\t<\/div>\n\t\t\t\t<\/div>\n\t\t\t\t\t<\/div>\n\t\t<\/div>\n\t\t\t\t\t<\/div>\n\t\t<\/section>\n\t\t\t\t<section class=\"elementor-section elementor-top-section elementor-element elementor-element-53f51d5 elementor-section-boxed elementor-section-height-default elementor-section-height-default\" data-id=\"53f51d5\" data-element_type=\"section\" data-e-type=\"section\" data-settings=\"{&quot;jet_parallax_layout_list&quot;:[]}\">\n\t\t\t\t\t\t<div class=\"elementor-container elementor-column-gap-default\">\n\t\t\t\t\t<div class=\"elementor-column elementor-col-100 elementor-top-column elementor-element elementor-element-92b3db0\" data-id=\"92b3db0\" data-element_type=\"column\" data-e-type=\"column\">\n\t\t\t<div class=\"elementor-widget-wrap elementor-element-populated\">\n\t\t\t\t\t\t<div class=\"elementor-element elementor-element-9aa33b7 elementor-widget elementor-widget-image\" data-id=\"9aa33b7\" data-element_type=\"widget\" data-e-type=\"widget\" data-widget_type=\"image.default\">\n\t\t\t\t<div class=\"elementor-widget-container\">\n\t\t\t\t\t\t\t\t\t\t\t\t\t\t\t<img fetchpriority=\"high\" decoding=\"async\" width=\"728\" height=\"635\" src=\"https:\/\/loisirslaprovidence.ca\/wp-content\/uploads\/2025\/08\/Capture-decran-2025-08-18-144627.png\" class=\"attachment-large size-large wp-image-4300\" alt=\"\" srcset=\"https:\/\/loisirslaprovidence.ca\/wp-content\/uploads\/2025\/08\/Capture-decran-2025-08-18-144627.png 728w, https:\/\/loisirslaprovidence.ca\/wp-content\/uploads\/2025\/08\/Capture-decran-2025-08-18-144627-300x262.png 300w\" sizes=\"(max-width: 728px) 100vw, 728px\" \/>\t\t\t\t\t\t\t\t\t\t\t\t\t\t\t<\/div>\n\t\t\t\t<\/div>\n\t\t\t\t\t<\/div>\n\t\t<\/div>\n\t\t\t\t\t<\/div>\n\t\t<\/section>\n\t\t\t\t<section class=\"elementor-section elementor-top-section elementor-element elementor-element-bbd2f95 elementor-section-boxed elementor-section-height-default elementor-section-height-default\" data-id=\"bbd2f95\" data-element_type=\"section\" data-e-type=\"section\" data-settings=\"{&quot;jet_parallax_layout_list&quot;:[],&quot;background_background&quot;:&quot;classic&quot;}\">\n\t\t\t\t\t\t<div class=\"elementor-container elementor-column-gap-default\">\n\t\t\t\t\t<div class=\"elementor-column elementor-col-100 elementor-top-column elementor-element elementor-element-f5c0042\" data-id=\"f5c0042\" data-element_type=\"column\" data-e-type=\"column\">\n\t\t\t<div class=\"elementor-widget-wrap elementor-element-populated\">\n\t\t\t\t\t\t<div class=\"elementor-element elementor-element-0adea83 elementor-widget elementor-widget-heading\" data-id=\"0adea83\" data-element_type=\"widget\" data-e-type=\"widget\" data-widget_type=\"heading.default\">\n\t\t\t\t<div class=\"elementor-widget-container\">\n\t\t\t\t\t<h2 class=\"elementor-heading-title elementor-size-default\">Hiver<\/h2>\t\t\t\t<\/div>\n\t\t\t\t<\/div>\n\t\t\t\t\t<\/div>\n\t\t<\/div>\n\t\t\t\t\t<\/div>\n\t\t<\/section>\n\t\t\t\t<section class=\"elementor-section elementor-top-section elementor-element elementor-element-97889cd elementor-section-boxed elementor-section-height-default elementor-section-height-default\" data-id=\"97889cd\" data-element_type=\"section\" data-e-type=\"section\" data-settings=\"{&quot;jet_parallax_layout_list&quot;:[]}\">\n\t\t\t\t\t\t<div class=\"elementor-container elementor-column-gap-default\">\n\t\t\t\t\t<div class=\"elementor-column elementor-col-100 elementor-top-column elementor-element elementor-element-eb9758a\" data-id=\"eb9758a\" data-element_type=\"column\" data-e-type=\"column\">\n\t\t\t<div class=\"elementor-widget-wrap\">\n\t\t\t\t\t\t\t<\/div>\n\t\t<\/div>\n\t\t\t\t\t<\/div>\n\t\t<\/section>\n\t\t\t\t<section class=\"elementor-section elementor-top-section elementor-element elementor-element-1f43f9a elementor-section-boxed elementor-section-height-default elementor-section-height-default\" data-id=\"1f43f9a\" data-element_type=\"section\" data-e-type=\"section\" data-settings=\"{&quot;jet_parallax_layout_list&quot;:[]}\">\n\t\t\t\t\t\t<div class=\"elementor-container elementor-column-gap-default\">\n\t\t\t\t\t<div class=\"elementor-column elementor-col-100 elementor-top-column elementor-element elementor-element-798016f\" data-id=\"798016f\" data-element_type=\"column\" data-e-type=\"column\">\n\t\t\t<div class=\"elementor-widget-wrap elementor-element-populated\">\n\t\t\t\t\t\t<div class=\"elementor-element elementor-element-b3e4253 elementor-widget elementor-widget-image\" data-id=\"b3e4253\" data-element_type=\"widget\" data-e-type=\"widget\" data-widget_type=\"image.default\">\n\t\t\t\t<div class=\"elementor-widget-container\">\n\t\t\t\t\t\t\t\t\t\t\t\t\t\t\t<img decoding=\"async\" width=\"1024\" height=\"776\" src=\"https:\/\/loisirslaprovidence.ca\/wp-content\/uploads\/2025\/11\/tableau-hiver-2026-1024x776.jpg\" class=\"attachment-large size-large wp-image-4553\" alt=\"\" srcset=\"https:\/\/loisirslaprovidence.ca\/wp-content\/uploads\/2025\/11\/tableau-hiver-2026-1024x776.jpg 1024w, https:\/\/loisirslaprovidence.ca\/wp-content\/uploads\/2025\/11\/tableau-hiver-2026-300x227.jpg 300w, https:\/\/loisirslaprovidence.ca\/wp-content\/uploads\/2025\/11\/tableau-hiver-2026-768x582.jpg 768w, https:\/\/loisirslaprovidence.ca\/wp-content\/uploads\/2025\/11\/tableau-hiver-2026.jpg 1464w\" sizes=\"(max-width: 1024px) 100vw, 1024px\" \/>\t\t\t\t\t\t\t\t\t\t\t\t\t\t\t<\/div>\n\t\t\t\t<\/div>\n\t\t\t\t\t<\/div>\n\t\t<\/div>\n\t\t\t\t\t<\/div>\n\t\t<\/section>\n\t\t\t\t<\/div>\n\t\t","protected":false},"excerpt":{"rendered":"<p>DANsique Nous avons une grande nouvelle \u00e0 vous annoncer : notre \u00e9cole de danse fusionne avec l\u2019\u00c9cole Dansique des Loisirs Ste-Rosalie ! \ud83c\udf89 Cette union marque une \u00e9tape importante pour notre communaut\u00e9 de danse, et nous sommes ravis de vous offrir une programmation enrichie et plus diversifi\u00e9e d\u00e8s l&rsquo;automne prochain. Gr\u00e2ce \u00e0 cette fusion, nous [&hellip;]<\/p>\n","protected":false},"author":1,"featured_media":0,"parent":0,"menu_order":0,"comment_status":"closed","ping_status":"closed","template":"","meta":{"_acf_changed":false,"footnotes":""},"class_list":["post-4295","page","type-page","status-publish","hentry"],"acf":[],"jetpack_sharing_enabled":true,"_links":{"self":[{"href":"https:\/\/loisirslaprovidence.ca\/index.php\/wp-json\/wp\/v2\/pages\/4295","targetHints":{"allow":["GET"]}}],"collection":[{"href":"https:\/\/loisirslaprovidence.ca\/index.php\/wp-json\/wp\/v2\/pages"}],"about":[{"href":"https:\/\/loisirslaprovidence.ca\/index.php\/wp-json\/wp\/v2\/types\/page"}],"author":[{"embeddable":true,"href":"https:\/\/loisirslaprovidence.ca\/index.php\/wp-json\/wp\/v2\/users\/1"}],"replies":[{"embeddable":true,"href":"https:\/\/loisirslaprovidence.ca\/index.php\/wp-json\/wp\/v2\/comments?post=4295"}],"version-history":[{"count":10,"href":"https:\/\/loisirslaprovidence.ca\/index.php\/wp-json\/wp\/v2\/pages\/4295\/revisions"}],"predecessor-version":[{"id":4557,"href":"https:\/\/loisirslaprovidence.ca\/index.php\/wp-json\/wp\/v2\/pages\/4295\/revisions\/4557"}],"wp:attachment":[{"href":"https:\/\/loisirslaprovidence.ca\/index.php\/wp-json\/wp\/v2\/media?parent=4295"}],"curies":[{"name":"wp","href":"https:\/\/api.w.org\/{rel}","templated":true}]}}