{"id":4379,"date":"2025-08-22T17:48:00","date_gmt":"2025-08-22T16:48:00","guid":{"rendered":"https:\/\/loisirslaprovidence.ca\/?page_id=4379"},"modified":"2025-10-22T20:07:47","modified_gmt":"2025-10-22T19:07:47","slug":"halloween","status":"publish","type":"page","link":"http:\/\/loisirslaprovidence.ca\/index.php\/halloween\/","title":{"rendered":"Halloween"},"content":{"rendered":"\t\t<div data-elementor-type=\"wp-page\" data-elementor-id=\"4379\" class=\"elementor elementor-4379\">\n\t\t\t\t\t\t<section class=\"elementor-section elementor-top-section elementor-element elementor-element-85b344c elementor-section-full_width elementor-section-height-default elementor-section-height-default\" data-id=\"85b344c\" data-element_type=\"section\" data-e-type=\"section\" data-settings=\"{&quot;jet_parallax_layout_list&quot;:[],&quot;background_background&quot;:&quot;classic&quot;}\">\n\t\t\t\t\t\t<div class=\"elementor-container elementor-column-gap-custom\">\n\t\t\t\t\t<div class=\"elementor-column elementor-col-100 elementor-top-column elementor-element elementor-element-603c018\" data-id=\"603c018\" data-element_type=\"column\" data-e-type=\"column\">\n\t\t\t<div class=\"elementor-widget-wrap elementor-element-populated\">\n\t\t\t\t\t\t<div class=\"elementor-element elementor-element-70db4ec elementor-widget elementor-widget-heading\" data-id=\"70db4ec\" data-element_type=\"widget\" data-e-type=\"widget\" data-widget_type=\"heading.default\">\n\t\t\t\t<div class=\"elementor-widget-container\">\n\t\t\t\t\t<h2 class=\"elementor-heading-title elementor-size-default\">halloween<\/h2>\t\t\t\t<\/div>\n\t\t\t\t<\/div>\n\t\t\t\t\t<\/div>\n\t\t<\/div>\n\t\t\t\t\t<\/div>\n\t\t<\/section>\n\t\t\t\t<section class=\"elementor-section elementor-top-section elementor-element elementor-element-2ce5998 elementor-section-boxed elementor-section-height-default elementor-section-height-default\" data-id=\"2ce5998\" data-element_type=\"section\" data-e-type=\"section\" data-settings=\"{&quot;jet_parallax_layout_list&quot;:[]}\">\n\t\t\t\t\t\t<div class=\"elementor-container elementor-column-gap-default\">\n\t\t\t\t\t<div class=\"elementor-column elementor-col-100 elementor-top-column elementor-element elementor-element-56be0b8\" data-id=\"56be0b8\" data-element_type=\"column\" data-e-type=\"column\">\n\t\t\t<div class=\"elementor-widget-wrap elementor-element-populated\">\n\t\t\t\t\t\t<div class=\"elementor-element elementor-element-52a3fc6 elementor-widget elementor-widget-text-editor\" data-id=\"52a3fc6\" data-element_type=\"widget\" data-e-type=\"widget\" data-widget_type=\"text-editor.default\">\n\t\t\t\t<div class=\"elementor-widget-container\">\n\t\t\t\t\t\t\t\t\t<p>\ud83c\udf83\u00a0<strong>Invitation au Party annuel d\u2019Halloween<\/strong>\u00a0\ud83d\udc7b<br \/>\ud83d\uddd3\ufe0f <strong>Vendredi\u00a024 octobre d\u00e8s 17 h 30<\/strong><br \/>\ud83d\udccd\u00a0<em>Centre communautaire La Providence<\/em><br \/>2575, rue Saint-Paul, Saint-Hyacinthe<\/p><p>Pr\u00e9parez-vous pour une soir\u00e9e pleine de frissons et de plaisir\u2009! Voici ce qui vous attend :<\/p><p>\ud83d\udd78\ufe0f\u00a0<strong>Parcours hant\u00e9<\/strong>\u00a0| 17 h 30 \u00e0 20 h<br \/>Oserez-vous traverser notre maison hant\u00e9e\u2009? Une surprise attend les plus courageux \u00e0 la fin du parcours\u2026<\/p><p>\ud83c\udfad\u00a0<strong>Soir\u00e9e familiale festive<\/strong>\u00a0| 17 h 30 \u00e0 21 h<br \/>Enfilez votre plus beau costume et venez c\u00e9l\u00e9brer avec nous\u2009!<br \/>\ud83c\udfb6 DJ sur place, concours, animation et ambiance garantie\u2009!<\/p><p>\ud83c\udf6c\u00a0<strong>Bar \u00e0 bonbons<\/strong><br \/>Les enfants de moins de 12 ans recevront un coupon pour un sac de bonbons gratuit\u2026 \u00e0 choisir parmi une montagne de sucreries\u2009!<\/p><p>\ud83c\udf55\u00a0<strong>Cantine<\/strong><br \/>Pizza, ma\u00efs \u00e9clat\u00e9, slush et liqueur seront au menu.<br \/>\ud83d\udcb3 Paiement par d\u00e9bit, cr\u00e9dit ou argent comptant.<\/p><p>\u26a0\ufe0f\u00a0<strong>Veuillez noter que la surveillance des enfants demeure la responsabilit\u00e9 des parents.<\/strong><\/p><p>\ud83e\udddb\u200d\u2642\ufe0f\ud83e\udddf\u200d\u2640\ufe0f\ud83d\udd77\ufe0f\ud83c\udf83\ud83d\udef9\ud83d\udca8<\/p>\t\t\t\t\t\t\t\t<\/div>\n\t\t\t\t<\/div>\n\t\t\t\t<div class=\"elementor-element elementor-element-686edff elementor-widget elementor-widget-spacer\" data-id=\"686edff\" data-element_type=\"widget\" data-e-type=\"widget\" data-widget_type=\"spacer.default\">\n\t\t\t\t<div class=\"elementor-widget-container\">\n\t\t\t\t\t\t\t<div class=\"elementor-spacer\">\n\t\t\t<div class=\"elementor-spacer-inner\"><\/div>\n\t\t<\/div>\n\t\t\t\t\t\t<\/div>\n\t\t\t\t<\/div>\n\t\t\t\t<div class=\"elementor-element elementor-element-782e1dc elementor-widget elementor-widget-image\" data-id=\"782e1dc\" data-element_type=\"widget\" data-e-type=\"widget\" data-widget_type=\"image.default\">\n\t\t\t\t<div class=\"elementor-widget-container\">\n\t\t\t\t\t\t\t\t\t\t\t\t\t\t\t<img fetchpriority=\"high\" decoding=\"async\" width=\"414\" height=\"580\" src=\"http:\/\/loisirslaprovidence.ca\/wp-content\/uploads\/2025\/09\/Affiche-party-dHalloween-2025.png\" class=\"attachment-portrait-mobile size-portrait-mobile wp-image-4407\" alt=\"\" srcset=\"http:\/\/loisirslaprovidence.ca\/wp-content\/uploads\/2025\/09\/Affiche-party-dHalloween-2025.png 1428w, http:\/\/loisirslaprovidence.ca\/wp-content\/uploads\/2025\/09\/Affiche-party-dHalloween-2025-214x300.png 214w, http:\/\/loisirslaprovidence.ca\/wp-content\/uploads\/2025\/09\/Affiche-party-dHalloween-2025-731x1024.png 731w, http:\/\/loisirslaprovidence.ca\/wp-content\/uploads\/2025\/09\/Affiche-party-dHalloween-2025-768x1076.png 768w, http:\/\/loisirslaprovidence.ca\/wp-content\/uploads\/2025\/09\/Affiche-party-dHalloween-2025-1097x1536.png 1097w\" sizes=\"(max-width: 414px) 100vw, 414px\" \/>\t\t\t\t\t\t\t\t\t\t\t\t\t\t\t<\/div>\n\t\t\t\t<\/div>\n\t\t\t\t\t<\/div>\n\t\t<\/div>\n\t\t\t\t\t<\/div>\n\t\t<\/section>\n\t\t\t\t<\/div>\n\t\t","protected":false},"excerpt":{"rendered":"<p>halloween \ud83c\udf83\u00a0Invitation au Party annuel d\u2019Halloween\u00a0\ud83d\udc7b\ud83d\uddd3\ufe0f Vendredi\u00a024 octobre d\u00e8s 17 h 30\ud83d\udccd\u00a0Centre communautaire La Providence2575, rue Saint-Paul, Saint-Hyacinthe Pr\u00e9parez-vous pour une soir\u00e9e pleine de frissons et de plaisir\u2009! Voici ce qui vous attend : \ud83d\udd78\ufe0f\u00a0Parcours hant\u00e9\u00a0| 17 h 30 \u00e0 20 hOserez-vous traverser notre maison hant\u00e9e\u2009? Une surprise attend les plus courageux \u00e0 la fin [&hellip;]<\/p>\n","protected":false},"author":1,"featured_media":0,"parent":0,"menu_order":0,"comment_status":"closed","ping_status":"closed","template":"","meta":{"_acf_changed":false,"footnotes":""},"class_list":["post-4379","page","type-page","status-publish","hentry"],"acf":[],"jetpack_sharing_enabled":true,"_links":{"self":[{"href":"http:\/\/loisirslaprovidence.ca\/index.php\/wp-json\/wp\/v2\/pages\/4379","targetHints":{"allow":["GET"]}}],"collection":[{"href":"http:\/\/loisirslaprovidence.ca\/index.php\/wp-json\/wp\/v2\/pages"}],"about":[{"href":"http:\/\/loisirslaprovidence.ca\/index.php\/wp-json\/wp\/v2\/types\/page"}],"author":[{"embeddable":true,"href":"http:\/\/loisirslaprovidence.ca\/index.php\/wp-json\/wp\/v2\/users\/1"}],"replies":[{"embeddable":true,"href":"http:\/\/loisirslaprovidence.ca\/index.php\/wp-json\/wp\/v2\/comments?post=4379"}],"version-history":[{"count":15,"href":"http:\/\/loisirslaprovidence.ca\/index.php\/wp-json\/wp\/v2\/pages\/4379\/revisions"}],"predecessor-version":[{"id":4458,"href":"http:\/\/loisirslaprovidence.ca\/index.php\/wp-json\/wp\/v2\/pages\/4379\/revisions\/4458"}],"wp:attachment":[{"href":"http:\/\/loisirslaprovidence.ca\/index.php\/wp-json\/wp\/v2\/media?parent=4379"}],"curies":[{"name":"wp","href":"https:\/\/api.w.org\/{rel}","templated":true}]}}