{"id":256,"date":"2020-01-14T15:49:01","date_gmt":"2020-01-14T14:49:01","guid":{"rendered":"https:\/\/jupiterx.artbees.net\/conference-2\/?page_id=256"},"modified":"2025-08-20T15:20:27","modified_gmt":"2025-08-20T14:20:27","slug":"blog","status":"publish","type":"page","link":"http:\/\/loisirslaprovidence.ca\/index.php\/blog\/","title":{"rendered":"Blog"},"content":{"rendered":"\t\t<div data-elementor-type=\"wp-page\" data-elementor-id=\"256\" class=\"elementor elementor-256\">\n\t\t\t\t\t\t<section class=\"elementor-section elementor-top-section elementor-element elementor-element-a28b47f elementor-section-full_width elementor-section-height-min-height elementor-section-height-default elementor-section-items-middle\" data-id=\"a28b47f\" data-element_type=\"section\" data-e-type=\"section\" data-settings=\"{&quot;jet_parallax_layout_list&quot;:[{&quot;jet_parallax_layout_image&quot;:{&quot;url&quot;:&quot;&quot;,&quot;id&quot;:&quot;&quot;,&quot;size&quot;:&quot;&quot;},&quot;_id&quot;:&quot;f26ffed&quot;,&quot;jet_parallax_layout_speed&quot;:{&quot;unit&quot;:&quot;%&quot;,&quot;size&quot;:&quot;50&quot;,&quot;sizes&quot;:[]},&quot;jet_parallax_layout_bg_x&quot;:&quot;50&quot;,&quot;jet_parallax_layout_bg_y&quot;:&quot;50&quot;,&quot;jet_parallax_layout_image_tablet&quot;:{&quot;url&quot;:&quot;&quot;,&quot;id&quot;:&quot;&quot;,&quot;size&quot;:&quot;&quot;},&quot;jet_parallax_layout_image_mobile&quot;:{&quot;url&quot;:&quot;&quot;,&quot;id&quot;:&quot;&quot;,&quot;size&quot;:&quot;&quot;},&quot;jet_parallax_layout_type&quot;:&quot;scroll&quot;,&quot;jet_parallax_layout_direction&quot;:&quot;1&quot;,&quot;jet_parallax_layout_fx_direction&quot;:null,&quot;jet_parallax_layout_z_index&quot;:&quot;&quot;,&quot;jet_parallax_layout_bg_x_tablet&quot;:&quot;&quot;,&quot;jet_parallax_layout_bg_x_mobile&quot;:&quot;&quot;,&quot;jet_parallax_layout_bg_y_tablet&quot;:&quot;&quot;,&quot;jet_parallax_layout_bg_y_mobile&quot;:&quot;&quot;,&quot;jet_parallax_layout_bg_size&quot;:&quot;auto&quot;,&quot;jet_parallax_layout_bg_size_tablet&quot;:&quot;&quot;,&quot;jet_parallax_layout_bg_size_mobile&quot;:&quot;&quot;,&quot;jet_parallax_layout_animation_prop&quot;:&quot;transform&quot;,&quot;jet_parallax_layout_on&quot;:[&quot;desktop&quot;,&quot;tablet&quot;]}]}\">\n\t\t\t\t\t\t<div class=\"elementor-container elementor-column-gap-no\">\n\t\t\t\t\t<div class=\"elementor-column elementor-col-100 elementor-top-column elementor-element elementor-element-771b0e4\" data-id=\"771b0e4\" data-element_type=\"column\" data-e-type=\"column\">\n\t\t\t<div class=\"elementor-widget-wrap elementor-element-populated\">\n\t\t\t\t\t\t<div class=\"elementor-element elementor-element-7af97df elementor-widget elementor-widget-jet-slider\" data-id=\"7af97df\" data-element_type=\"widget\" data-e-type=\"widget\" data-settings=\"{&quot;slider_height&quot;:{&quot;unit&quot;:&quot;px&quot;,&quot;size&quot;:&quot;709&quot;,&quot;sizes&quot;:[]},&quot;slider_height_tablet&quot;:{&quot;unit&quot;:&quot;px&quot;,&quot;size&quot;:&quot;500&quot;,&quot;sizes&quot;:[]},&quot;slider_height_mobile&quot;:{&quot;unit&quot;:&quot;px&quot;,&quot;size&quot;:&quot;400&quot;,&quot;sizes&quot;:[]}}\" data-widget_type=\"jet-slider.default\">\n\t\t\t\t<div class=\"elementor-widget-container\">\n\t\t\t\t\t<div class=\"elementor-jet-slider jet-elements\">\n<div class=\"jet-slider jet-slider__image-exact\" data-settings='{&quot;sliderWidth&quot;:1,&quot;sliderHeight&quot;:1,&quot;sliderNavigation&quot;:false,&quot;sliderNavigationIcon&quot;:&quot;jet-slider__arrow-icon-7af97df&quot;,&quot;sliderNaviOnHover&quot;:false,&quot;sliderPagination&quot;:true,&quot;sliderAutoplay&quot;:true,&quot;sliderAutoplayDelay&quot;:5000,&quot;sliderAutoplayOnHover&quot;:&quot;pause&quot;,&quot;sliderFullScreen&quot;:false,&quot;sliderFullscreenIcon&quot;:&quot;jet-slider__fullscreen-icon-7af97df&quot;,&quot;sliderShuffle&quot;:false,&quot;sliderLoop&quot;:true,&quot;sliderFadeMode&quot;:false,&quot;slideDistance&quot;:1,&quot;slideDuration&quot;:500,&quot;imageScaleMode&quot;:&quot;exact&quot;,&quot;thumbnails&quot;:false,&quot;thumbnailWidth&quot;:120,&quot;thumbnailHeight&quot;:80,&quot;rightToLeft&quot;:false,&quot;touchswipe&quot;:true,&quot;fractionPag&quot;:false,&quot;fractionPrefix&quot;:&quot;&quot;,&quot;fractionSeparator&quot;:&quot;\\\/&quot;,&quot;fractionSuffix&quot;:&quot;&quot;,&quot;autoSliderHeight&quot;:false}'>\n\t\n<div  class=\"slider-pro\">\n\t<div class=\"jet-slider__arrow-icon-7af97df hidden-html\"><\/div><div class=\"jet-slider__fullscreen-icon-7af97df hidden-html\"><\/div>\t<div class=\"jet-slider__items sp-slides\">\n\n\n<div  class=\"jet-slider__item sp-slide elementor-repeater-item-e4ff1dd\"><img decoding=\"async\" class=\"sp-image\" src=\"http:\/\/loisirslaprovidence.ca\/wp-content\/uploads\/2020\/11\/covid-19-4960254-1024x550.png\" alt=\"covid-19-4960254\" loading=\"lazy\"><div class=\"jet-slider__content sp-layer \" data-position=\"centerCenter\" data-width=\"100%\" data-height=\"100%\" data-horizontal=\"0%\" data-show-transition=\"up\" data-show-duration=\"400\" data-show-delay=\"400\" >\n\t\t<div class=\"jet-slider__content-item\">\n\t\t\t<div class=\"jet-slider__content-inner\"> \n\n\t\t\t\t\t\t<div class=\"jet-slider__button-wrapper\">\t\t\t\t\t\t<\/div><\/div>\n\t\t<\/div>\n\t\t\t<\/div>\n<\/div>\n\n<div  class=\"jet-slider__item sp-slide elementor-repeater-item-baea643\"><img decoding=\"async\" class=\"sp-image\" src=\"http:\/\/loisirslaprovidence.ca\/wp-content\/uploads\/2020\/11\/piscine-head-1024x380.jpg\" alt=\"piscine head\" loading=\"lazy\"><div class=\"jet-slider__content sp-layer \" data-position=\"centerCenter\" data-width=\"100%\" data-height=\"100%\" data-horizontal=\"0%\" data-show-transition=\"up\" data-show-duration=\"400\" data-show-delay=\"400\" >\n\t\t<div class=\"jet-slider__content-item\">\n\t\t\t<div class=\"jet-slider__content-inner\"> \n\n\t\t\t\t\t\t<div class=\"jet-slider__button-wrapper\">\t\t\t\t\t\t<\/div><\/div>\n\t\t<\/div>\n\t\t\t<\/div>\n<\/div>\n\n<div  class=\"jet-slider__item sp-slide elementor-repeater-item-29b5697\"><img decoding=\"async\" class=\"sp-image\" src=\"http:\/\/loisirslaprovidence.ca\/wp-content\/uploads\/2020\/11\/fete-de-quartier-head-1024x380.jpg\" alt=\"f\u00eate de quartier head\" loading=\"lazy\"><div class=\"jet-slider__content sp-layer \" data-position=\"centerCenter\" data-width=\"100%\" data-height=\"100%\" data-horizontal=\"0%\" data-show-transition=\"up\" data-show-duration=\"400\" data-show-delay=\"400\" >\n\t\t<div class=\"jet-slider__content-item\">\n\t\t\t<div class=\"jet-slider__content-inner\"> \n\n\t\t\t\t\t\t<div class=\"jet-slider__button-wrapper\">\t\t\t\t\t\t<\/div><\/div>\n\t\t<\/div>\n\t\t\t<\/div>\n<\/div>\n\n<\/div>\n<\/div>\n<\/div>\n<\/div>\t\t\t\t<\/div>\n\t\t\t\t<\/div>\n\t\t\t\t\t<\/div>\n\t\t<\/div>\n\t\t\t\t\t<\/div>\n\t\t<\/section>\n\t\t\t\t<section class=\"elementor-section elementor-top-section elementor-element elementor-element-d817fa2 elementor-section-boxed elementor-section-height-default elementor-section-height-default\" data-id=\"d817fa2\" data-element_type=\"section\" data-e-type=\"section\" data-settings=\"{&quot;jet_parallax_layout_list&quot;:[{&quot;jet_parallax_layout_image&quot;:{&quot;url&quot;:&quot;https:\\\/\\\/jupiterx.artbees.net\\\/conference-2\\\/wp-content\\\/uploads\\\/sites\\\/361\\\/2020\\\/07\\\/home-bg-17.png&quot;,&quot;id&quot;:&quot;598&quot;,&quot;size&quot;:&quot;&quot;},&quot;_id&quot;:&quot;24dd2ea&quot;,&quot;jet_parallax_layout_image_tablet&quot;:{&quot;url&quot;:&quot;https:\\\/\\\/jupiterx.artbees.net\\\/conference-2\\\/wp-content\\\/uploads\\\/sites\\\/361\\\/2020\\\/01\\\/transparent-2.png&quot;,&quot;id&quot;:&quot;240&quot;,&quot;size&quot;:&quot;&quot;},&quot;jet_parallax_layout_speed&quot;:{&quot;unit&quot;:&quot;%&quot;,&quot;size&quot;:&quot;50&quot;,&quot;sizes&quot;:[]},&quot;jet_parallax_layout_type&quot;:&quot;none&quot;,&quot;jet_parallax_layout_bg_x&quot;:&quot;135&quot;,&quot;jet_parallax_layout_bg_y&quot;:&quot;50&quot;,&quot;jet_parallax_layout_image_mobile&quot;:{&quot;url&quot;:&quot;&quot;,&quot;id&quot;:&quot;&quot;,&quot;size&quot;:&quot;&quot;},&quot;jet_parallax_layout_direction&quot;:null,&quot;jet_parallax_layout_fx_direction&quot;:null,&quot;jet_parallax_layout_z_index&quot;:&quot;&quot;,&quot;jet_parallax_layout_bg_x_tablet&quot;:&quot;&quot;,&quot;jet_parallax_layout_bg_x_mobile&quot;:&quot;&quot;,&quot;jet_parallax_layout_bg_y_tablet&quot;:&quot;&quot;,&quot;jet_parallax_layout_bg_y_mobile&quot;:&quot;&quot;,&quot;jet_parallax_layout_bg_size&quot;:&quot;auto&quot;,&quot;jet_parallax_layout_bg_size_tablet&quot;:&quot;&quot;,&quot;jet_parallax_layout_bg_size_mobile&quot;:&quot;&quot;,&quot;jet_parallax_layout_animation_prop&quot;:null,&quot;jet_parallax_layout_on&quot;:[&quot;desktop&quot;,&quot;tablet&quot;]}],&quot;background_background&quot;:&quot;classic&quot;}\">\n\t\t\t\t\t\t\t<div class=\"elementor-background-overlay\"><\/div>\n\t\t\t\t\t\t\t<div class=\"elementor-container elementor-column-gap-no\">\n\t\t\t\t\t<div class=\"elementor-column elementor-col-100 elementor-top-column elementor-element elementor-element-fb51a40\" data-id=\"fb51a40\" data-element_type=\"column\" data-e-type=\"column\">\n\t\t\t<div class=\"elementor-widget-wrap elementor-element-populated\">\n\t\t\t\t\t\t<div class=\"elementor-element elementor-element-848774b raven-hover-scale-down elementor-widget elementor-widget-raven-posts\" data-id=\"848774b\" data-element_type=\"widget\" data-e-type=\"widget\" data-settings=\"{&quot;classic_columns_tablet&quot;:&quot;1&quot;,&quot;query_posts_per_page&quot;:9,&quot;classic_show_pagination&quot;:&quot;yes&quot;,&quot;classic_pagination_type&quot;:&quot;load_more&quot;,&quot;_skin&quot;:&quot;classic&quot;,&quot;classic_layout&quot;:&quot;grid&quot;,&quot;classic_columns&quot;:&quot;3&quot;,&quot;classic_columns_mobile&quot;:&quot;1&quot;,&quot;query_offset&quot;:0}\" data-widget_type=\"raven-posts.classic\">\n\t\t\t\t<div class=\"elementor-widget-container\">\n\t\t\t\t\t\t\t<div class=\"raven-posts raven-grid raven-grid-3 raven-grid-mobile-1 raven-grid-tablet-1\" data-post-id=\"256\" data-archive-query=\"\" data-lang=\"\">\n\t\t\t\t<div class=\"raven-grid-item raven-post-item post-4902 post type-post status-publish format-standard has-post-thumbnail hentry category-uncategorized\">\n\t\t\t<div class=\"raven-post\">\n\t\t\t\t\t\t<div class=\"raven-post-image-wrap\">\n\t\t\t<a class=\"raven-post-image raven-image-fit\" href=\"http:\/\/loisirslaprovidence.ca\/index.php\/2026\/04\/01\/les-loisirs-la-providence-celebrent-75-ans-dhistoire-et-vous-etes-invites\/\"><img fetchpriority=\"high\" decoding=\"async\" width=\"768\" height=\"1024\" src=\"http:\/\/loisirslaprovidence.ca\/wp-content\/uploads\/2026\/04\/Fete-de-quartier-2026-75e-1-768x1024.png\" class=\"attachment-large size-large wp-image-4904\" alt=\"\" srcset=\"http:\/\/loisirslaprovidence.ca\/wp-content\/uploads\/2026\/04\/Fete-de-quartier-2026-75e-1-768x1024.png 768w, http:\/\/loisirslaprovidence.ca\/wp-content\/uploads\/2026\/04\/Fete-de-quartier-2026-75e-1-225x300.png 225w, http:\/\/loisirslaprovidence.ca\/wp-content\/uploads\/2026\/04\/Fete-de-quartier-2026-75e-1-1152x1536.png 1152w, http:\/\/loisirslaprovidence.ca\/wp-content\/uploads\/2026\/04\/Fete-de-quartier-2026-75e-1-1536x2048.png 1536w, http:\/\/loisirslaprovidence.ca\/wp-content\/uploads\/2026\/04\/Fete-de-quartier-2026-75e-1.png 1728w\" sizes=\"(max-width: 768px) 100vw, 768px\" \/> <span class=\"raven-post-image-overlay\"><\/span><\/a>\t\t<\/div>\n\t\t\t\t\t\t<div class=\"raven-post-content\">\n\t\t\t\t\t\t\t<div class=\"raven-post-meta\"><a class=\"raven-post-meta-item raven-post-date\" href=\"http:\/\/loisirslaprovidence.ca\/index.php\/2026\/04\/\" rel=\"bookmark\">1 avril 2026<\/a><\/div>\n\t\t<h3 class=\"raven-post-title\"><a class=\"raven-post-title-link\" href=\"http:\/\/loisirslaprovidence.ca\/index.php\/2026\/04\/01\/les-loisirs-la-providence-celebrent-75-ans-dhistoire-et-vous-etes-invites\/\"><\/a><\/h3>\t\t\t\t<\/div>\n\t\t\t<\/div>\n\t\t<\/div>\n\t\t\t\t<div class=\"raven-grid-item raven-post-item post-4459 post type-post status-publish format-standard has-post-thumbnail hentry category-uncategorized\">\n\t\t\t<div class=\"raven-post\">\n\t\t\t\t\t\t<div class=\"raven-post-image-wrap\">\n\t\t\t<a class=\"raven-post-image raven-image-fit\" href=\"http:\/\/loisirslaprovidence.ca\/index.php\/2025\/10\/29\/pumtrack\/\"><img decoding=\"async\" width=\"1024\" height=\"1024\" src=\"http:\/\/loisirslaprovidence.ca\/wp-content\/uploads\/2025\/10\/ImageCarte-3-1024x1024.jpg\" class=\"attachment-large size-large wp-image-4460\" alt=\"\" srcset=\"http:\/\/loisirslaprovidence.ca\/wp-content\/uploads\/2025\/10\/ImageCarte-3-1024x1024.jpg 1024w, http:\/\/loisirslaprovidence.ca\/wp-content\/uploads\/2025\/10\/ImageCarte-3-300x300.jpg 300w, http:\/\/loisirslaprovidence.ca\/wp-content\/uploads\/2025\/10\/ImageCarte-3-150x150.jpg 150w, http:\/\/loisirslaprovidence.ca\/wp-content\/uploads\/2025\/10\/ImageCarte-3-1536x1536.jpg 1536w, http:\/\/loisirslaprovidence.ca\/wp-content\/uploads\/2025\/10\/ImageCarte-3-2048x2048.jpg 2048w, http:\/\/loisirslaprovidence.ca\/wp-content\/uploads\/2025\/10\/ImageCarte-3-500x500.jpg 500w\" sizes=\"(max-width: 1024px) 100vw, 1024px\" \/> <span class=\"raven-post-image-overlay\"><\/span><\/a>\t\t<\/div>\n\t\t\t\t\t\t<div class=\"raven-post-content\">\n\t\t\t\t\t\t\t<div class=\"raven-post-meta\"><a class=\"raven-post-meta-item raven-post-date\" href=\"http:\/\/loisirslaprovidence.ca\/index.php\/2025\/10\/\" rel=\"bookmark\">29 octobre 2025<\/a><\/div>\n\t\t<h3 class=\"raven-post-title\"><a class=\"raven-post-title-link\" href=\"http:\/\/loisirslaprovidence.ca\/index.php\/2025\/10\/29\/pumtrack\/\">Pumtrack<\/a><\/h3>\t\t\t\t<\/div>\n\t\t\t<\/div>\n\t\t<\/div>\n\t\t\t\t<div class=\"raven-grid-item raven-post-item post-4420 post type-post status-publish format-standard has-post-thumbnail hentry category-amelioration\">\n\t\t\t<div class=\"raven-post\">\n\t\t\t\t\t\t<div class=\"raven-post-image-wrap\">\n\t\t\t<a class=\"raven-post-image raven-image-fit\" href=\"http:\/\/loisirslaprovidence.ca\/index.php\/2025\/10\/02\/nouveau-projet\/\"><img decoding=\"async\" width=\"933\" height=\"697\" src=\"http:\/\/loisirslaprovidence.ca\/wp-content\/uploads\/2025\/10\/Capture-decran-2025-10-02-134326.png\" class=\"attachment-large size-large wp-image-4421\" alt=\"\" srcset=\"http:\/\/loisirslaprovidence.ca\/wp-content\/uploads\/2025\/10\/Capture-decran-2025-10-02-134326.png 933w, http:\/\/loisirslaprovidence.ca\/wp-content\/uploads\/2025\/10\/Capture-decran-2025-10-02-134326-300x224.png 300w, http:\/\/loisirslaprovidence.ca\/wp-content\/uploads\/2025\/10\/Capture-decran-2025-10-02-134326-768x574.png 768w\" sizes=\"(max-width: 933px) 100vw, 933px\" \/> <span class=\"raven-post-image-overlay\"><\/span><\/a>\t\t<\/div>\n\t\t\t\t\t\t<div class=\"raven-post-content\">\n\t\t\t\t\t\t\t<div class=\"raven-post-meta\"><a class=\"raven-post-meta-item raven-post-date\" href=\"http:\/\/loisirslaprovidence.ca\/index.php\/2025\/10\/\" rel=\"bookmark\">2 octobre 2025<\/a><\/div>\n\t\t<h3 class=\"raven-post-title\"><a class=\"raven-post-title-link\" href=\"http:\/\/loisirslaprovidence.ca\/index.php\/2025\/10\/02\/nouveau-projet\/\">Nouveau projet<\/a><\/h3>\t\t\t\t<\/div>\n\t\t\t<\/div>\n\t\t<\/div>\n\t\t\t\t<div class=\"raven-grid-item raven-post-item post-3619 post type-post status-publish format-standard has-post-thumbnail hentry category-conseil-dadministration tag-aga\">\n\t\t\t<div class=\"raven-post\">\n\t\t\t\t\t\t<div class=\"raven-post-image-wrap\">\n\t\t\t<a class=\"raven-post-image raven-image-fit\" href=\"http:\/\/loisirslaprovidence.ca\/index.php\/2024\/11\/19\/assemblee-generale-annuelle-2025\/\"><img loading=\"lazy\" decoding=\"async\" width=\"474\" height=\"523\" src=\"http:\/\/loisirslaprovidence.ca\/wp-content\/uploads\/2020\/11\/Centre-1-Home.jpg\" class=\"attachment-large size-large wp-image-1108\" alt=\"\" srcset=\"http:\/\/loisirslaprovidence.ca\/wp-content\/uploads\/2020\/11\/Centre-1-Home.jpg 474w, http:\/\/loisirslaprovidence.ca\/wp-content\/uploads\/2020\/11\/Centre-1-Home-272x300.jpg 272w\" sizes=\"(max-width: 474px) 100vw, 474px\" \/> <span class=\"raven-post-image-overlay\"><\/span><\/a>\t\t<\/div>\n\t\t\t\t\t\t<div class=\"raven-post-content\">\n\t\t\t\t\t\t\t<div class=\"raven-post-meta\"><a class=\"raven-post-meta-item raven-post-date\" href=\"http:\/\/loisirslaprovidence.ca\/index.php\/2024\/11\/\" rel=\"bookmark\">19 novembre 2024<\/a><\/div>\n\t\t<h3 class=\"raven-post-title\"><a class=\"raven-post-title-link\" href=\"http:\/\/loisirslaprovidence.ca\/index.php\/2024\/11\/19\/assemblee-generale-annuelle-2025\/\">Assembl\u00e9e g\u00e9n\u00e9rale annuelle 2025<\/a><\/h3>\t\t\t\t<\/div>\n\t\t\t<\/div>\n\t\t<\/div>\n\t\t\t\t<div class=\"raven-grid-item raven-post-item post-3443 post type-post status-publish format-standard has-post-thumbnail hentry category-activites tag-camp-de-jour\">\n\t\t\t<div class=\"raven-post\">\n\t\t\t\t\t\t<div class=\"raven-post-image-wrap\">\n\t\t\t<a class=\"raven-post-image raven-image-fit\" href=\"http:\/\/loisirslaprovidence.ca\/index.php\/2024\/03\/27\/communique-ete-2024-camp-de-jour\/\"><img loading=\"lazy\" decoding=\"async\" width=\"809\" height=\"919\" src=\"http:\/\/loisirslaprovidence.ca\/wp-content\/uploads\/2022\/03\/LaPRO-bonhomme-aqua.png\" class=\"attachment-large size-large wp-image-2531\" alt=\"\" srcset=\"http:\/\/loisirslaprovidence.ca\/wp-content\/uploads\/2022\/03\/LaPRO-bonhomme-aqua.png 809w, http:\/\/loisirslaprovidence.ca\/wp-content\/uploads\/2022\/03\/LaPRO-bonhomme-aqua-264x300.png 264w, http:\/\/loisirslaprovidence.ca\/wp-content\/uploads\/2022\/03\/LaPRO-bonhomme-aqua-768x872.png 768w\" sizes=\"(max-width: 809px) 100vw, 809px\" \/> <span class=\"raven-post-image-overlay\"><\/span><\/a>\t\t<\/div>\n\t\t\t\t\t\t<div class=\"raven-post-content\">\n\t\t\t\t\t\t\t<div class=\"raven-post-meta\"><a class=\"raven-post-meta-item raven-post-date\" href=\"http:\/\/loisirslaprovidence.ca\/index.php\/2024\/03\/\" rel=\"bookmark\">27 mars 2024<\/a><\/div>\n\t\t<h3 class=\"raven-post-title\"><a class=\"raven-post-title-link\" href=\"http:\/\/loisirslaprovidence.ca\/index.php\/2024\/03\/27\/communique-ete-2024-camp-de-jour\/\">Communiqu\u00e9 \u00e9t\u00e9 2024 &#8211; Camp de jour<\/a><\/h3>\t\t\t\t<\/div>\n\t\t\t<\/div>\n\t\t<\/div>\n\t\t\t\t<div class=\"raven-grid-item raven-post-item post-2738 post type-post status-publish format-standard has-post-thumbnail hentry category-uncategorized\">\n\t\t\t<div class=\"raven-post\">\n\t\t\t\t\t\t<div class=\"raven-post-image-wrap\">\n\t\t\t<a class=\"raven-post-image raven-image-fit\" href=\"http:\/\/loisirslaprovidence.ca\/index.php\/2022\/09\/30\/election-provinciale\/\"><img loading=\"lazy\" decoding=\"async\" width=\"1024\" height=\"683\" src=\"http:\/\/loisirslaprovidence.ca\/wp-content\/uploads\/2022\/09\/flag-28555-1024x683.png\" class=\"attachment-large size-large wp-image-2739\" alt=\"\" srcset=\"http:\/\/loisirslaprovidence.ca\/wp-content\/uploads\/2022\/09\/flag-28555-1024x683.png 1024w, http:\/\/loisirslaprovidence.ca\/wp-content\/uploads\/2022\/09\/flag-28555-300x200.png 300w, http:\/\/loisirslaprovidence.ca\/wp-content\/uploads\/2022\/09\/flag-28555-768x512.png 768w, http:\/\/loisirslaprovidence.ca\/wp-content\/uploads\/2022\/09\/flag-28555-1536x1024.png 1536w, http:\/\/loisirslaprovidence.ca\/wp-content\/uploads\/2022\/09\/flag-28555.png 1920w\" sizes=\"(max-width: 1024px) 100vw, 1024px\" \/> <span class=\"raven-post-image-overlay\"><\/span><\/a>\t\t<\/div>\n\t\t\t\t\t\t<div class=\"raven-post-content\">\n\t\t\t\t\t\t\t<div class=\"raven-post-meta\"><a class=\"raven-post-meta-item raven-post-date\" href=\"http:\/\/loisirslaprovidence.ca\/index.php\/2022\/09\/\" rel=\"bookmark\">30 septembre 2022<\/a><\/div>\n\t\t<h3 class=\"raven-post-title\"><a class=\"raven-post-title-link\" href=\"http:\/\/loisirslaprovidence.ca\/index.php\/2022\/09\/30\/election-provinciale\/\">\u00c9lection provinciale<\/a><\/h3>\t\t\t\t<\/div>\n\t\t\t<\/div>\n\t\t<\/div>\n\t\t\t\t<div class=\"raven-grid-item raven-post-item post-2476 post type-post status-publish format-standard has-post-thumbnail hentry category-uncategorized\">\n\t\t\t<div class=\"raven-post\">\n\t\t\t\t\t\t<div class=\"raven-post-image-wrap\">\n\t\t\t<a class=\"raven-post-image raven-image-fit\" href=\"http:\/\/loisirslaprovidence.ca\/index.php\/2022\/02\/11\/impot-2021\/\"><img loading=\"lazy\" decoding=\"async\" width=\"1024\" height=\"660\" src=\"http:\/\/loisirslaprovidence.ca\/wp-content\/uploads\/2021\/02\/Impo^t-1024x660.jpg\" class=\"attachment-large size-large wp-image-1801\" alt=\"\" srcset=\"http:\/\/loisirslaprovidence.ca\/wp-content\/uploads\/2021\/02\/Impo^t-1024x660.jpg 1024w, http:\/\/loisirslaprovidence.ca\/wp-content\/uploads\/2021\/02\/Impo^t-300x193.jpg 300w, http:\/\/loisirslaprovidence.ca\/wp-content\/uploads\/2021\/02\/Impo^t-768x495.jpg 768w, http:\/\/loisirslaprovidence.ca\/wp-content\/uploads\/2021\/02\/Impo^t-1536x990.jpg 1536w, http:\/\/loisirslaprovidence.ca\/wp-content\/uploads\/2021\/02\/Impo^t-2048x1321.jpg 2048w\" sizes=\"(max-width: 1024px) 100vw, 1024px\" \/> <span class=\"raven-post-image-overlay\"><\/span><\/a>\t\t<\/div>\n\t\t\t\t\t\t<div class=\"raven-post-content\">\n\t\t\t\t\t\t\t<div class=\"raven-post-meta\"><a class=\"raven-post-meta-item raven-post-date\" href=\"http:\/\/loisirslaprovidence.ca\/index.php\/2022\/02\/\" rel=\"bookmark\">11 f\u00e9vrier 2022<\/a><\/div>\n\t\t<h3 class=\"raven-post-title\"><a class=\"raven-post-title-link\" href=\"http:\/\/loisirslaprovidence.ca\/index.php\/2022\/02\/11\/impot-2021\/\">Imp\u00f4t 2021<\/a><\/h3>\t\t\t\t<\/div>\n\t\t\t<\/div>\n\t\t<\/div>\n\t\t\t\t<div class=\"raven-grid-item raven-post-item post-2274 post type-post status-publish format-standard has-post-thumbnail hentry category-activites\">\n\t\t\t<div class=\"raven-post\">\n\t\t\t\t\t\t<div class=\"raven-post-image-wrap\">\n\t\t\t<a class=\"raven-post-image raven-image-fit\" href=\"http:\/\/loisirslaprovidence.ca\/index.php\/2021\/11\/11\/programmation-hiver-2022\/\"><img loading=\"lazy\" decoding=\"async\" width=\"1024\" height=\"683\" src=\"http:\/\/loisirslaprovidence.ca\/wp-content\/uploads\/2019\/08\/cardio-express-1024x683.jpg\" class=\"attachment-large size-large wp-image-865\" alt=\"\" srcset=\"http:\/\/loisirslaprovidence.ca\/wp-content\/uploads\/2019\/08\/cardio-express-1024x683.jpg 1024w, http:\/\/loisirslaprovidence.ca\/wp-content\/uploads\/2019\/08\/cardio-express-300x200.jpg 300w, http:\/\/loisirslaprovidence.ca\/wp-content\/uploads\/2019\/08\/cardio-express-768x512.jpg 768w\" sizes=\"(max-width: 1024px) 100vw, 1024px\" \/> <span class=\"raven-post-image-overlay\"><\/span><\/a>\t\t<\/div>\n\t\t\t\t\t\t<div class=\"raven-post-content\">\n\t\t\t\t\t\t\t<div class=\"raven-post-meta\"><a class=\"raven-post-meta-item raven-post-date\" href=\"http:\/\/loisirslaprovidence.ca\/index.php\/2021\/11\/\" rel=\"bookmark\">11 novembre 2021<\/a><\/div>\n\t\t<h3 class=\"raven-post-title\"><a class=\"raven-post-title-link\" href=\"http:\/\/loisirslaprovidence.ca\/index.php\/2021\/11\/11\/programmation-hiver-2022\/\">Programmation hiver 2022<\/a><\/h3>\t\t\t\t<\/div>\n\t\t\t<\/div>\n\t\t<\/div>\n\t\t\t\t<div class=\"raven-grid-item raven-post-item post-1942 post type-post status-publish format-standard has-post-thumbnail hentry category-activites\">\n\t\t\t<div class=\"raven-post\">\n\t\t\t\t\t\t<div class=\"raven-post-image-wrap\">\n\t\t\t<a class=\"raven-post-image raven-image-fit\" href=\"http:\/\/loisirslaprovidence.ca\/index.php\/2021\/05\/14\/atelier-de-baladi\/\"><img loading=\"lazy\" decoding=\"async\" width=\"1024\" height=\"905\" src=\"http:\/\/loisirslaprovidence.ca\/wp-content\/uploads\/2021\/05\/106131075_321753115495844_6945686176085507130_n-1024x905.jpg\" class=\"attachment-large size-large wp-image-1943\" alt=\"\" srcset=\"http:\/\/loisirslaprovidence.ca\/wp-content\/uploads\/2021\/05\/106131075_321753115495844_6945686176085507130_n-1024x905.jpg 1024w, http:\/\/loisirslaprovidence.ca\/wp-content\/uploads\/2021\/05\/106131075_321753115495844_6945686176085507130_n-300x265.jpg 300w, http:\/\/loisirslaprovidence.ca\/wp-content\/uploads\/2021\/05\/106131075_321753115495844_6945686176085507130_n-768x679.jpg 768w, http:\/\/loisirslaprovidence.ca\/wp-content\/uploads\/2021\/05\/106131075_321753115495844_6945686176085507130_n.jpg 1080w\" sizes=\"(max-width: 1024px) 100vw, 1024px\" \/> <span class=\"raven-post-image-overlay\"><\/span><\/a>\t\t<\/div>\n\t\t\t\t\t\t<div class=\"raven-post-content\">\n\t\t\t\t\t\t\t<div class=\"raven-post-meta\"><a class=\"raven-post-meta-item raven-post-date\" href=\"http:\/\/loisirslaprovidence.ca\/index.php\/2021\/05\/\" rel=\"bookmark\">14 mai 2021<\/a><\/div>\n\t\t<h3 class=\"raven-post-title\"><a class=\"raven-post-title-link\" href=\"http:\/\/loisirslaprovidence.ca\/index.php\/2021\/05\/14\/atelier-de-baladi\/\">Atelier de Baladi<\/a><\/h3>\t\t\t\t<\/div>\n\t\t\t<\/div>\n\t\t<\/div>\n\t\t\t\t<\/div>\n\t\t\t\t<div class=\"raven-load-more\" data-settings=\"{&quot;maxNumPages&quot;:3}\">\n\t\t\t<a class=\"raven-load-more-button\" href=\"#\"><span class=\"raven-post-button-text\">ALL SPESKERS<\/span><\/a>\n\t\t<\/div>\n\t\t\t\t\t\t<\/div>\n\t\t\t\t<\/div>\n\t\t\t\t\t<\/div>\n\t\t<\/div>\n\t\t\t\t\t<\/div>\n\t\t<\/section>\n\t\t\t\t<\/div>\n\t\t","protected":false},"excerpt":{"rendered":"<p>En plus de d\u00e9velopper gr\u00e2ce et coordination, le cardio Baladi se veut un exercice complet, faisant travailler en harmonie chaque partie du corps. Nous offrons deux cours le 8 et le 17 juin de 19h30 \u00e0 20h30 en ligne. Co\u00fbt&nbsp;: 10$ pour chaque cours ou 2 pour 16$. Inscription&nbsp;: &nbsp;https:\/\/forms.gle\/UzKZoeXXFQi7CBap8 Information&nbsp;: &nbsp;450 773-7711 ou kadanse@loisirslaprovidence.ca.<\/p>\n","protected":false},"author":1,"featured_media":0,"parent":0,"menu_order":0,"comment_status":"closed","ping_status":"closed","template":"full-width.php","meta":{"_acf_changed":false,"footnotes":""},"class_list":["post-256","page","type-page","status-publish","hentry"],"acf":[],"jetpack_sharing_enabled":true,"_links":{"self":[{"href":"http:\/\/loisirslaprovidence.ca\/index.php\/wp-json\/wp\/v2\/pages\/256","targetHints":{"allow":["GET"]}}],"collection":[{"href":"http:\/\/loisirslaprovidence.ca\/index.php\/wp-json\/wp\/v2\/pages"}],"about":[{"href":"http:\/\/loisirslaprovidence.ca\/index.php\/wp-json\/wp\/v2\/types\/page"}],"author":[{"embeddable":true,"href":"http:\/\/loisirslaprovidence.ca\/index.php\/wp-json\/wp\/v2\/users\/1"}],"replies":[{"embeddable":true,"href":"http:\/\/loisirslaprovidence.ca\/index.php\/wp-json\/wp\/v2\/comments?post=256"}],"version-history":[{"count":12,"href":"http:\/\/loisirslaprovidence.ca\/index.php\/wp-json\/wp\/v2\/pages\/256\/revisions"}],"predecessor-version":[{"id":4315,"href":"http:\/\/loisirslaprovidence.ca\/index.php\/wp-json\/wp\/v2\/pages\/256\/revisions\/4315"}],"wp:attachment":[{"href":"http:\/\/loisirslaprovidence.ca\/index.php\/wp-json\/wp\/v2\/media?parent=256"}],"curies":[{"name":"wp","href":"https:\/\/api.w.org\/{rel}","templated":true}]}}