{"id":1704,"date":"2020-12-21T17:51:06","date_gmt":"2020-12-21T16:51:06","guid":{"rendered":"http:\/\/loisirslaprovidence.ca\/?page_id=1704"},"modified":"2026-02-18T18:18:29","modified_gmt":"2026-02-18T17:18:29","slug":"assemblee-generale","status":"publish","type":"page","link":"http:\/\/loisirslaprovidence.ca\/index.php\/assemblee-generale\/","title":{"rendered":"Assembl\u00e9e g\u00e9n\u00e9rale"},"content":{"rendered":"\t\t<div data-elementor-type=\"wp-page\" data-elementor-id=\"1704\" class=\"elementor elementor-1704\">\n\t\t\t\t\t\t<section class=\"elementor-section elementor-top-section elementor-element elementor-element-f379ee3 elementor-section-height-min-height elementor-section-boxed elementor-section-height-default elementor-section-items-middle\" data-id=\"f379ee3\" data-element_type=\"section\" data-e-type=\"section\" data-settings=\"{&quot;jet_parallax_layout_list&quot;:[{&quot;jet_parallax_layout_image&quot;:{&quot;url&quot;:&quot;&quot;,&quot;id&quot;:&quot;&quot;,&quot;size&quot;:&quot;&quot;},&quot;_id&quot;:&quot;5826bf0&quot;,&quot;jet_parallax_layout_speed&quot;:{&quot;unit&quot;:&quot;%&quot;,&quot;size&quot;:&quot;50&quot;,&quot;sizes&quot;:[]},&quot;jet_parallax_layout_bg_x&quot;:&quot;50&quot;,&quot;jet_parallax_layout_bg_y&quot;:&quot;50&quot;,&quot;jet_parallax_layout_image_tablet&quot;:{&quot;url&quot;:&quot;&quot;,&quot;id&quot;:&quot;&quot;,&quot;size&quot;:&quot;&quot;},&quot;jet_parallax_layout_image_mobile&quot;:{&quot;url&quot;:&quot;&quot;,&quot;id&quot;:&quot;&quot;,&quot;size&quot;:&quot;&quot;},&quot;jet_parallax_layout_type&quot;:&quot;scroll&quot;,&quot;jet_parallax_layout_direction&quot;:&quot;1&quot;,&quot;jet_parallax_layout_fx_direction&quot;:null,&quot;jet_parallax_layout_z_index&quot;:&quot;&quot;,&quot;jet_parallax_layout_bg_x_tablet&quot;:&quot;&quot;,&quot;jet_parallax_layout_bg_x_mobile&quot;:&quot;&quot;,&quot;jet_parallax_layout_bg_y_tablet&quot;:&quot;&quot;,&quot;jet_parallax_layout_bg_y_mobile&quot;:&quot;&quot;,&quot;jet_parallax_layout_bg_size&quot;:&quot;auto&quot;,&quot;jet_parallax_layout_bg_size_tablet&quot;:&quot;&quot;,&quot;jet_parallax_layout_bg_size_mobile&quot;:&quot;&quot;,&quot;jet_parallax_layout_animation_prop&quot;:&quot;transform&quot;,&quot;jet_parallax_layout_on&quot;:[&quot;desktop&quot;,&quot;tablet&quot;]}],&quot;background_background&quot;:&quot;classic&quot;}\">\n\t\t\t\t\t\t\t<div class=\"elementor-background-overlay\"><\/div>\n\t\t\t\t\t\t\t<div class=\"elementor-container elementor-column-gap-no\">\n\t\t\t\t\t<div class=\"elementor-column elementor-col-100 elementor-top-column elementor-element elementor-element-49ff846\" data-id=\"49ff846\" data-element_type=\"column\" data-e-type=\"column\">\n\t\t\t<div class=\"elementor-widget-wrap\">\n\t\t\t\t\t\t\t<\/div>\n\t\t<\/div>\n\t\t\t\t\t<\/div>\n\t\t<\/section>\n\t\t\t\t<section class=\"elementor-section elementor-top-section elementor-element elementor-element-38d0b7d elementor-section-boxed elementor-section-height-default elementor-section-height-default\" data-id=\"38d0b7d\" data-element_type=\"section\" data-e-type=\"section\" data-settings=\"{&quot;jet_parallax_layout_list&quot;:[{&quot;jet_parallax_layout_image&quot;:{&quot;url&quot;:&quot;&quot;,&quot;id&quot;:&quot;&quot;,&quot;size&quot;:&quot;&quot;},&quot;_id&quot;:&quot;9db5b2d&quot;,&quot;jet_parallax_layout_speed&quot;:{&quot;unit&quot;:&quot;%&quot;,&quot;size&quot;:&quot;50&quot;,&quot;sizes&quot;:[]},&quot;jet_parallax_layout_bg_x&quot;:&quot;50&quot;,&quot;jet_parallax_layout_bg_y&quot;:&quot;50&quot;,&quot;jet_parallax_layout_image_tablet&quot;:{&quot;url&quot;:&quot;&quot;,&quot;id&quot;:&quot;&quot;,&quot;size&quot;:&quot;&quot;},&quot;jet_parallax_layout_image_mobile&quot;:{&quot;url&quot;:&quot;&quot;,&quot;id&quot;:&quot;&quot;,&quot;size&quot;:&quot;&quot;},&quot;jet_parallax_layout_type&quot;:&quot;scroll&quot;,&quot;jet_parallax_layout_direction&quot;:&quot;1&quot;,&quot;jet_parallax_layout_fx_direction&quot;:null,&quot;jet_parallax_layout_z_index&quot;:&quot;&quot;,&quot;jet_parallax_layout_bg_x_tablet&quot;:&quot;&quot;,&quot;jet_parallax_layout_bg_x_mobile&quot;:&quot;&quot;,&quot;jet_parallax_layout_bg_y_tablet&quot;:&quot;&quot;,&quot;jet_parallax_layout_bg_y_mobile&quot;:&quot;&quot;,&quot;jet_parallax_layout_bg_size&quot;:&quot;auto&quot;,&quot;jet_parallax_layout_bg_size_tablet&quot;:&quot;&quot;,&quot;jet_parallax_layout_bg_size_mobile&quot;:&quot;&quot;,&quot;jet_parallax_layout_animation_prop&quot;:&quot;transform&quot;,&quot;jet_parallax_layout_on&quot;:[&quot;desktop&quot;,&quot;tablet&quot;]}],&quot;background_background&quot;:&quot;classic&quot;}\">\n\t\t\t\t\t\t<div class=\"elementor-container elementor-column-gap-no\">\n\t\t\t\t\t<div class=\"elementor-column elementor-col-100 elementor-top-column elementor-element elementor-element-69ff58d\" data-id=\"69ff58d\" data-element_type=\"column\" data-e-type=\"column\">\n\t\t\t<div class=\"elementor-widget-wrap elementor-element-populated\">\n\t\t\t\t\t\t<div class=\"elementor-element elementor-element-dcac151 elementor-widget elementor-widget-heading\" data-id=\"dcac151\" data-element_type=\"widget\" data-e-type=\"widget\" data-widget_type=\"heading.default\">\n\t\t\t\t<div class=\"elementor-widget-container\">\n\t\t\t\t\t<h1 class=\"elementor-heading-title elementor-size-default\">Assembl\u00e9e g\u00e9n\u00e9rale annuelle<\/h1>\t\t\t\t<\/div>\n\t\t\t\t<\/div>\n\t\t\t\t<div class=\"elementor-element elementor-element-27bf0d2 elementor-widget elementor-widget-text-editor\" data-id=\"27bf0d2\" data-element_type=\"widget\" data-e-type=\"widget\" data-widget_type=\"text-editor.default\">\n\t\t\t\t<div class=\"elementor-widget-container\">\n\t\t\t\t\t\t\t\t\t<p>Vous trouverez ci-apr\u00e8s l&rsquo;ensemble des documents et des informations concernant l&rsquo;assembl\u00e9e g\u00e9n\u00e9rale annuelle.&nbsp;<\/p>\t\t\t\t\t\t\t\t<\/div>\n\t\t\t\t<\/div>\n\t\t\t\t\t<\/div>\n\t\t<\/div>\n\t\t\t\t\t<\/div>\n\t\t<\/section>\n\t\t\t\t<section class=\"elementor-section elementor-top-section elementor-element elementor-element-07c7907 elementor-section-boxed elementor-section-height-default elementor-section-height-default\" data-id=\"07c7907\" data-element_type=\"section\" data-e-type=\"section\" data-settings=\"{&quot;jet_parallax_layout_list&quot;:[{&quot;jet_parallax_layout_image&quot;:{&quot;url&quot;:&quot;&quot;,&quot;id&quot;:&quot;&quot;,&quot;size&quot;:&quot;&quot;},&quot;_id&quot;:&quot;2f2e1c6&quot;,&quot;jet_parallax_layout_speed&quot;:{&quot;unit&quot;:&quot;%&quot;,&quot;size&quot;:&quot;50&quot;,&quot;sizes&quot;:[]},&quot;jet_parallax_layout_bg_x&quot;:&quot;50&quot;,&quot;jet_parallax_layout_bg_y&quot;:&quot;50&quot;,&quot;jet_parallax_layout_image_tablet&quot;:{&quot;url&quot;:&quot;&quot;,&quot;id&quot;:&quot;&quot;,&quot;size&quot;:&quot;&quot;},&quot;jet_parallax_layout_image_mobile&quot;:{&quot;url&quot;:&quot;&quot;,&quot;id&quot;:&quot;&quot;,&quot;size&quot;:&quot;&quot;},&quot;jet_parallax_layout_type&quot;:&quot;scroll&quot;,&quot;jet_parallax_layout_direction&quot;:&quot;1&quot;,&quot;jet_parallax_layout_fx_direction&quot;:null,&quot;jet_parallax_layout_z_index&quot;:&quot;&quot;,&quot;jet_parallax_layout_bg_x_tablet&quot;:&quot;&quot;,&quot;jet_parallax_layout_bg_x_mobile&quot;:&quot;&quot;,&quot;jet_parallax_layout_bg_y_tablet&quot;:&quot;&quot;,&quot;jet_parallax_layout_bg_y_mobile&quot;:&quot;&quot;,&quot;jet_parallax_layout_bg_size&quot;:&quot;auto&quot;,&quot;jet_parallax_layout_bg_size_tablet&quot;:&quot;&quot;,&quot;jet_parallax_layout_bg_size_mobile&quot;:&quot;&quot;,&quot;jet_parallax_layout_animation_prop&quot;:&quot;transform&quot;,&quot;jet_parallax_layout_on&quot;:[&quot;desktop&quot;,&quot;tablet&quot;]}],&quot;background_background&quot;:&quot;classic&quot;}\">\n\t\t\t\t\t\t<div class=\"elementor-container elementor-column-gap-no\">\n\t\t\t\t\t<div class=\"elementor-column elementor-col-50 elementor-top-column elementor-element elementor-element-c177330\" data-id=\"c177330\" data-element_type=\"column\" data-e-type=\"column\">\n\t\t\t<div class=\"elementor-widget-wrap elementor-element-populated\">\n\t\t\t\t\t\t<div class=\"elementor-element elementor-element-e244393 elementor-widget elementor-widget-image\" data-id=\"e244393\" data-element_type=\"widget\" data-e-type=\"widget\" data-widget_type=\"image.default\">\n\t\t\t\t<div class=\"elementor-widget-container\">\n\t\t\t\t\t\t\t\t\t\t\t\t\t\t\t<img fetchpriority=\"high\" decoding=\"async\" width=\"768\" height=\"1024\" src=\"http:\/\/loisirslaprovidence.ca\/wp-content\/uploads\/2026\/02\/AGA-2026-2-768x1024.png\" class=\"attachment-large size-large wp-image-4641\" alt=\"\" srcset=\"http:\/\/loisirslaprovidence.ca\/wp-content\/uploads\/2026\/02\/AGA-2026-2-768x1024.png 768w, http:\/\/loisirslaprovidence.ca\/wp-content\/uploads\/2026\/02\/AGA-2026-2-225x300.png 225w, http:\/\/loisirslaprovidence.ca\/wp-content\/uploads\/2026\/02\/AGA-2026-2-1152x1536.png 1152w, http:\/\/loisirslaprovidence.ca\/wp-content\/uploads\/2026\/02\/AGA-2026-2-1536x2048.png 1536w, http:\/\/loisirslaprovidence.ca\/wp-content\/uploads\/2026\/02\/AGA-2026-2.png 1728w\" sizes=\"(max-width: 768px) 100vw, 768px\" \/>\t\t\t\t\t\t\t\t\t\t\t\t\t\t\t<\/div>\n\t\t\t\t<\/div>\n\t\t\t\t\t<\/div>\n\t\t<\/div>\n\t\t\t\t<div class=\"elementor-column elementor-col-50 elementor-top-column elementor-element elementor-element-3c5b9d4\" data-id=\"3c5b9d4\" data-element_type=\"column\" data-e-type=\"column\">\n\t\t\t<div class=\"elementor-widget-wrap elementor-element-populated\">\n\t\t\t\t\t\t<div class=\"elementor-element elementor-element-ced3a41 elementor-widget elementor-widget-toggle\" data-id=\"ced3a41\" data-element_type=\"widget\" data-e-type=\"widget\" data-widget_type=\"toggle.default\">\n\t\t\t\t<div class=\"elementor-widget-container\">\n\t\t\t\t\t\t\t<div class=\"elementor-toggle\">\n\t\t\t\t\t\t\t<div class=\"elementor-toggle-item\">\n\t\t\t\t\t<div id=\"elementor-tab-title-2161\" class=\"elementor-tab-title\" data-tab=\"1\" role=\"button\" aria-controls=\"elementor-tab-content-2161\" aria-expanded=\"false\">\n\t\t\t\t\t\t\t\t\t\t\t\t<span class=\"elementor-toggle-icon elementor-toggle-icon-left\" aria-hidden=\"true\">\n\t\t\t\t\t\t\t\t\t\t\t\t\t\t\t<span class=\"elementor-toggle-icon-closed\"><i class=\"fas fa-caret-right\"><\/i><\/span>\n\t\t\t\t\t\t\t\t<span class=\"elementor-toggle-icon-opened\"><i class=\"elementor-toggle-icon-opened fas fa-caret-up\"><\/i><\/span>\n\t\t\t\t\t\t\t\t\t\t\t\t\t<\/span>\n\t\t\t\t\t\t\t\t\t\t\t\t<a class=\"elementor-toggle-title\" tabindex=\"0\">Document AGA 2026<\/a>\n\t\t\t\t\t<\/div>\n\n\t\t\t\t\t<div id=\"elementor-tab-content-2161\" class=\"elementor-tab-content elementor-clearfix\" data-tab=\"1\" role=\"region\" aria-labelledby=\"elementor-tab-title-2161\"><p><a href=\"http:\/\/loisirslaprovidence.ca\/wp-content\/uploads\/2026\/02\/PV-AGA-2025-18-fevrier-2025.pdf\">Proc\u00e8s-verbal AGA 2025 &#8211; 18 f\u00e9vrier 2025<\/a><\/p><p><a href=\"http:\/\/loisirslaprovidence.ca\/wp-content\/uploads\/2026\/02\/Presentation-AGA-18-fevrier-2026.pdf\">Pr\u00e9sentation AGA 2026 &#8211; 18 f\u00e9vrier 2026<\/a><\/p><p><a href=\"http:\/\/loisirslaprovidence.ca\/wp-content\/uploads\/2026\/02\/Ordre-du-jour-AGA-2026.pdf\">Ordre du jour AGA 2026<\/a><\/p><p><a href=\"http:\/\/loisirslaprovidence.ca\/wp-content\/uploads\/2026\/02\/Loisirs-du-secteur-La-Providence-inc.-12312025-Informations-financieres.pdf\">\u00c9tats financiers 2025<\/a><\/p><p><a href=\"http:\/\/loisirslaprovidence.ca\/wp-content\/uploads\/2026\/02\/Budget-2026.pdf\">Budget 2026<\/a><\/p><p><a href=\"http:\/\/loisirslaprovidence.ca\/wp-content\/uploads\/2026\/02\/Rapport-annuel-2025.pdf\">Rapport annuel 2025<\/a><\/p><p><a href=\"http:\/\/loisirslaprovidence.ca\/wp-content\/uploads\/2026\/02\/Plan-daction-2026.pdf\">Plan d&rsquo;action 2026<\/a><\/p><p><a href=\"http:\/\/loisirslaprovidence.ca\/wp-content\/uploads\/2026\/02\/Evaluation-plan-daction-2025.pdf\">\u00c9valuation du plan d&rsquo;action 2025<\/a><\/p><p><a href=\"https:\/\/www.canva.com\/design\/DAG7VK8hmdU\/30O2cdCypMJDE7tFNjLQbw\/view?utm_content=DAG7VK8hmdU&amp;utm_campaign=designshare&amp;utm_medium=link2&amp;utm_source=uniquelinks&amp;utlId=hda00d16729\">Modifications r\u00e8glements g\u00e9n\u00e9raux<\/a><\/p><\/div>\n\t\t\t\t<\/div>\n\t\t\t\t\t\t\t<div class=\"elementor-toggle-item\">\n\t\t\t\t\t<div id=\"elementor-tab-title-2162\" class=\"elementor-tab-title\" data-tab=\"2\" role=\"button\" aria-controls=\"elementor-tab-content-2162\" aria-expanded=\"false\">\n\t\t\t\t\t\t\t\t\t\t\t\t<span class=\"elementor-toggle-icon elementor-toggle-icon-left\" aria-hidden=\"true\">\n\t\t\t\t\t\t\t\t\t\t\t\t\t\t\t<span class=\"elementor-toggle-icon-closed\"><i class=\"fas fa-caret-right\"><\/i><\/span>\n\t\t\t\t\t\t\t\t<span class=\"elementor-toggle-icon-opened\"><i class=\"elementor-toggle-icon-opened fas fa-caret-up\"><\/i><\/span>\n\t\t\t\t\t\t\t\t\t\t\t\t\t<\/span>\n\t\t\t\t\t\t\t\t\t\t\t\t<a class=\"elementor-toggle-title\" tabindex=\"0\">Document AGA 2025<\/a>\n\t\t\t\t\t<\/div>\n\n\t\t\t\t\t<div id=\"elementor-tab-content-2162\" class=\"elementor-tab-content elementor-clearfix\" data-tab=\"2\" role=\"region\" aria-labelledby=\"elementor-tab-title-2162\"><p><a href=\"https:\/\/loisirslaprovidence.ca\/index.php\/2024\/11\/19\/assemblee-generale-annuelle-2025\/\">Membres sortants<\/a><\/p><p><a href=\"http:\/\/loisirslaprovidence.ca\/wp-content\/uploads\/2025\/02\/PV-AGA-26-fevrier-2024.pdf\">Proc\u00e8s-verbal AGA 2024 &#8211; 26 f\u00e9vrier<\/a><\/p><p><a href=\"http:\/\/loisirslaprovidence.ca\/wp-content\/uploads\/2025\/02\/Presentation-AGA-2024.pdf\">Pr\u00e9sentation AGA 2025 &#8211; 18 f\u00e9vrier<\/a><\/p><p><a href=\"http:\/\/loisirslaprovidence.ca\/wp-content\/uploads\/2025\/02\/Ordre-du-jour-AGA-2025.pdf\">Ordre du jour AGA 2025<\/a><\/p><p><a href=\"http:\/\/loisirslaprovidence.ca\/wp-content\/uploads\/2025\/02\/Etats-financiers-projet-final-V1-LOISLAPR.pdf\">\u00c9tats financiers 2024 &#8211; Projet<\/a><\/p><p><a href=\"http:\/\/loisirslaprovidence.ca\/wp-content\/uploads\/2025\/02\/Budget-2025.pdf\">Budget 2025<\/a><\/p><p><a href=\"http:\/\/loisirslaprovidence.ca\/wp-content\/uploads\/2025\/02\/Rapport-annuel-2024.pdf\">Rapport annuel 2024<\/a><\/p><p><a href=\"http:\/\/loisirslaprovidence.ca\/wp-content\/uploads\/2025\/02\/Plan-daction-2025.pdf\">Plan d&rsquo;action 2025<\/a><\/p><p><a href=\"http:\/\/loisirslaprovidence.ca\/wp-content\/uploads\/2025\/02\/Evaluation-du-plan-daction-2024.pdf\">\u00c9valuation du plan d&rsquo;action 2024<\/a><\/p><\/div>\n\t\t\t\t<\/div>\n\t\t\t\t\t\t\t<div class=\"elementor-toggle-item\">\n\t\t\t\t\t<div id=\"elementor-tab-title-2163\" class=\"elementor-tab-title\" data-tab=\"3\" role=\"button\" aria-controls=\"elementor-tab-content-2163\" aria-expanded=\"false\">\n\t\t\t\t\t\t\t\t\t\t\t\t<span class=\"elementor-toggle-icon elementor-toggle-icon-left\" aria-hidden=\"true\">\n\t\t\t\t\t\t\t\t\t\t\t\t\t\t\t<span class=\"elementor-toggle-icon-closed\"><i class=\"fas fa-caret-right\"><\/i><\/span>\n\t\t\t\t\t\t\t\t<span class=\"elementor-toggle-icon-opened\"><i class=\"elementor-toggle-icon-opened fas fa-caret-up\"><\/i><\/span>\n\t\t\t\t\t\t\t\t\t\t\t\t\t<\/span>\n\t\t\t\t\t\t\t\t\t\t\t\t<a class=\"elementor-toggle-title\" tabindex=\"0\">Document AGA 2024<\/a>\n\t\t\t\t\t<\/div>\n\n\t\t\t\t\t<div id=\"elementor-tab-content-2163\" class=\"elementor-tab-content elementor-clearfix\" data-tab=\"3\" role=\"region\" aria-labelledby=\"elementor-tab-title-2163\"><p><a href=\"http:\/\/loisirslaprovidence.ca\/wp-content\/uploads\/2024\/02\/PV-aga-2023.pdf\">Proc\u00e8s-verbal AGA 2023<\/a><\/p><p><a href=\"http:\/\/loisirslaprovidence.ca\/wp-content\/uploads\/2024\/02\/Presentation-AGA-2024.pdf\">Pr\u00e9sentation AGA 2024 &#8211; 26 f\u00e9vrier<\/a><\/p><p><a href=\"http:\/\/loisirslaprovidence.ca\/wp-content\/uploads\/2024\/02\/ODJ-AGA-2024.pdf\">Ordre du jour 2024<\/a><\/p><p><a href=\"http:\/\/loisirslaprovidence.ca\/wp-content\/uploads\/2024\/02\/INFORMATIONS-FINANCIERES-2023-version-finale.pdf\">\u00c9tats financiers 2023<\/a><\/p><p><a href=\"http:\/\/loisirslaprovidence.ca\/wp-content\/uploads\/2024\/02\/Budget-2024.pdf\">Budget 2024<\/a><\/p><p>Rapport annuel 2023<\/p><p>Plan d&rsquo;action 2024<\/p><p><a href=\"http:\/\/loisirslaprovidence.ca\/wp-content\/uploads\/2024\/02\/Evaluation-du-plan-daction-2023.pdf\">\u00c9valuation du plan d&rsquo;action 2023<\/a><\/p><\/div>\n\t\t\t\t<\/div>\n\t\t\t\t\t\t\t<div class=\"elementor-toggle-item\">\n\t\t\t\t\t<div id=\"elementor-tab-title-2164\" class=\"elementor-tab-title\" data-tab=\"4\" role=\"button\" aria-controls=\"elementor-tab-content-2164\" aria-expanded=\"false\">\n\t\t\t\t\t\t\t\t\t\t\t\t<span class=\"elementor-toggle-icon elementor-toggle-icon-left\" aria-hidden=\"true\">\n\t\t\t\t\t\t\t\t\t\t\t\t\t\t\t<span class=\"elementor-toggle-icon-closed\"><i class=\"fas fa-caret-right\"><\/i><\/span>\n\t\t\t\t\t\t\t\t<span class=\"elementor-toggle-icon-opened\"><i class=\"elementor-toggle-icon-opened fas fa-caret-up\"><\/i><\/span>\n\t\t\t\t\t\t\t\t\t\t\t\t\t<\/span>\n\t\t\t\t\t\t\t\t\t\t\t\t<a class=\"elementor-toggle-title\" tabindex=\"0\">Document AGA 2023<\/a>\n\t\t\t\t\t<\/div>\n\n\t\t\t\t\t<div id=\"elementor-tab-content-2164\" class=\"elementor-tab-content elementor-clearfix\" data-tab=\"4\" role=\"region\" aria-labelledby=\"elementor-tab-title-2164\"><p><a href=\"http:\/\/loisirslaprovidence.ca\/wp-content\/uploads\/2023\/02\/PV_AGA_2022.pdf\">Proc\u00e8s-verbal AGA 2022<\/a><\/p><p><a href=\"http:\/\/loisirslaprovidence.ca\/wp-content\/uploads\/2023\/02\/Presentation-AGA-2023-1.pdf\">Pr\u00e9sentation AGA 2023 &#8211; 21 f\u00e9vrier<\/a><\/p><p><a href=\"http:\/\/loisirslaprovidence.ca\/wp-content\/uploads\/2023\/02\/Ordre-du-jour-2023-1.pdf\">Ordre du jour 2023<\/a><\/p><p><a href=\"http:\/\/loisirslaprovidence.ca\/wp-content\/uploads\/2023\/02\/INFORMATIONS-FINANCIERES-2022-version-finale.pdf\">\u00c9tats financiers 2022<\/a><\/p><p><a href=\"http:\/\/loisirslaprovidence.ca\/wp-content\/uploads\/2023\/02\/Budget-2023.pdf\">Budget 2023<\/a><\/p><p>Rapport annuel 2022<\/p><p><a href=\"http:\/\/loisirslaprovidence.ca\/wp-content\/uploads\/2023\/02\/Plan-daction-2023.pdf\">Plan d&rsquo;action 2023<\/a><\/p><p><a href=\"http:\/\/loisirslaprovidence.ca\/wp-content\/uploads\/2023\/02\/Evaluation-plan-daction-2022.pdf\">\u00c9valuation du plan d&rsquo;action 2022<\/a><\/p><\/div>\n\t\t\t\t<\/div>\n\t\t\t\t\t\t\t<div class=\"elementor-toggle-item\">\n\t\t\t\t\t<div id=\"elementor-tab-title-2165\" class=\"elementor-tab-title\" data-tab=\"5\" role=\"button\" aria-controls=\"elementor-tab-content-2165\" aria-expanded=\"false\">\n\t\t\t\t\t\t\t\t\t\t\t\t<span class=\"elementor-toggle-icon elementor-toggle-icon-left\" aria-hidden=\"true\">\n\t\t\t\t\t\t\t\t\t\t\t\t\t\t\t<span class=\"elementor-toggle-icon-closed\"><i class=\"fas fa-caret-right\"><\/i><\/span>\n\t\t\t\t\t\t\t\t<span class=\"elementor-toggle-icon-opened\"><i class=\"elementor-toggle-icon-opened fas fa-caret-up\"><\/i><\/span>\n\t\t\t\t\t\t\t\t\t\t\t\t\t<\/span>\n\t\t\t\t\t\t\t\t\t\t\t\t<a class=\"elementor-toggle-title\" tabindex=\"0\">Document AGA 2022<\/a>\n\t\t\t\t\t<\/div>\n\n\t\t\t\t\t<div id=\"elementor-tab-content-2165\" class=\"elementor-tab-content elementor-clearfix\" data-tab=\"5\" role=\"region\" aria-labelledby=\"elementor-tab-title-2165\"><p><a href=\"http:\/\/loisirslaprovidence.ca\/wp-content\/uploads\/2021\/03\/PV_AGA_24-fevrier-2021.pdf\">Proc\u00e8s-verbal AGA 2021<\/a><\/p><p><a href=\"http:\/\/loisirslaprovidence.ca\/wp-content\/uploads\/2022\/02\/AGA-2022-22-fevrier.pdf\">Pr\u00e9sentation AGA 2022 &#8211; 22 f\u00e9vrier<\/a><\/p><p><a href=\"http:\/\/loisirslaprovidence.ca\/wp-content\/uploads\/2022\/02\/Ordre-du-jour-AGA-22-fevrier-2022.pdf\">Ordre du jour 2022<\/a><\/p><p><a href=\"http:\/\/loisirslaprovidence.ca\/wp-content\/uploads\/2022\/08\/Information-finanacieres-2021.pdf\">\u00c9tats financiers 2021<\/a><\/p><p><a href=\"http:\/\/loisirslaprovidence.ca\/wp-content\/uploads\/2022\/02\/Budget-2022.pdf\">Budget 2022<\/a><\/p><p>Rapport annuel 20201<\/p><p><a href=\"http:\/\/loisirslaprovidence.ca\/wp-content\/uploads\/2022\/02\/Plan-daction-2022.pdf\">Plan d&rsquo;action 2022<\/a><\/p><p><a href=\"http:\/\/loisirslaprovidence.ca\/wp-content\/uploads\/2022\/02\/Evaluation-du-plan-daction-2021.pdf\">\u00c9valuation du plan d&rsquo;action 2021<\/a><\/p><\/div>\n\t\t\t\t<\/div>\n\t\t\t\t\t\t\t<div class=\"elementor-toggle-item\">\n\t\t\t\t\t<div id=\"elementor-tab-title-2166\" class=\"elementor-tab-title\" data-tab=\"6\" role=\"button\" aria-controls=\"elementor-tab-content-2166\" aria-expanded=\"false\">\n\t\t\t\t\t\t\t\t\t\t\t\t<span class=\"elementor-toggle-icon elementor-toggle-icon-left\" aria-hidden=\"true\">\n\t\t\t\t\t\t\t\t\t\t\t\t\t\t\t<span class=\"elementor-toggle-icon-closed\"><i class=\"fas fa-caret-right\"><\/i><\/span>\n\t\t\t\t\t\t\t\t<span class=\"elementor-toggle-icon-opened\"><i class=\"elementor-toggle-icon-opened fas fa-caret-up\"><\/i><\/span>\n\t\t\t\t\t\t\t\t\t\t\t\t\t<\/span>\n\t\t\t\t\t\t\t\t\t\t\t\t<a class=\"elementor-toggle-title\" tabindex=\"0\">Document AGA 2021<\/a>\n\t\t\t\t\t<\/div>\n\n\t\t\t\t\t<div id=\"elementor-tab-content-2166\" class=\"elementor-tab-content elementor-clearfix\" data-tab=\"6\" role=\"region\" aria-labelledby=\"elementor-tab-title-2166\"><p><a href=\"http:\/\/loisirslaprovidence.ca\/wp-content\/uploads\/2021\/02\/Presentation-AGA-2021-24-fevrier.pdf\">Pr\u00e9sentation AGA 2021 &#8211; 24 f\u00e9vrier<\/a><\/p><p><a href=\"http:\/\/loisirslaprovidence.ca\/wp-content\/uploads\/2021\/02\/AGA-2021-24-fevrier-Ordre-du-jour.pdf\">Ordre du jour<\/a><\/p><p><a href=\"http:\/\/loisirslaprovidence.ca\/wp-content\/uploads\/2021\/02\/PV_AGA_11-fevrier-2020.pdf\">Proc\u00e8s-verbal AGA 2020<\/a><\/p><p><a href=\"http:\/\/loisirslaprovidence.ca\/wp-content\/uploads\/2021\/02\/Etats-financiers.pdf\">\u00c9tats financiers 2020<\/a><\/p><p><a href=\"http:\/\/loisirslaprovidence.ca\/wp-content\/uploads\/2021\/02\/Budget-2021.pdf\">Budget 2021<\/a><\/p><p><a href=\"http:\/\/loisirslaprovidence.ca\/wp-content\/uploads\/2021\/02\/Rapport-annuel-2020.pdf\">Rapport annuel 2020<\/a><\/p><p><a href=\"http:\/\/loisirslaprovidence.ca\/wp-content\/uploads\/2021\/02\/Plan-daction-2021.pdf\">Plan d&rsquo;action 2021<\/a><\/p><p><a href=\"http:\/\/loisirslaprovidence.ca\/wp-content\/uploads\/2021\/02\/Evaluation-du-plan-daction-2020.pdf\">\u00c9valuation du plan d&rsquo;action 2020<\/a><\/p><\/div>\n\t\t\t\t<\/div>\n\t\t\t\t\t\t\t<div class=\"elementor-toggle-item\">\n\t\t\t\t\t<div id=\"elementor-tab-title-2167\" class=\"elementor-tab-title\" data-tab=\"7\" role=\"button\" aria-controls=\"elementor-tab-content-2167\" aria-expanded=\"false\">\n\t\t\t\t\t\t\t\t\t\t\t\t<span class=\"elementor-toggle-icon elementor-toggle-icon-left\" aria-hidden=\"true\">\n\t\t\t\t\t\t\t\t\t\t\t\t\t\t\t<span class=\"elementor-toggle-icon-closed\"><i class=\"fas fa-caret-right\"><\/i><\/span>\n\t\t\t\t\t\t\t\t<span class=\"elementor-toggle-icon-opened\"><i class=\"elementor-toggle-icon-opened fas fa-caret-up\"><\/i><\/span>\n\t\t\t\t\t\t\t\t\t\t\t\t\t<\/span>\n\t\t\t\t\t\t\t\t\t\t\t\t<a class=\"elementor-toggle-title\" tabindex=\"0\">Documents g\u00e9n\u00e9raux<\/a>\n\t\t\t\t\t<\/div>\n\n\t\t\t\t\t<div id=\"elementor-tab-content-2167\" class=\"elementor-tab-content elementor-clearfix\" data-tab=\"7\" role=\"region\" aria-labelledby=\"elementor-tab-title-2167\"><p><a href=\"http:\/\/loisirslaprovidence.ca\/wp-content\/uploads\/2019\/02\/Reglements-generaux-revis\u00e9s-2014.pdf\">R\u00e8glements g\u00e9n\u00e9raux<\/a><\/p><p><a href=\"http:\/\/loisirslaprovidence.ca\/wp-content\/uploads\/2020\/12\/Lettres-patente.pdf\">Lettres patentes<\/a><\/p><\/div>\n\t\t\t\t<\/div>\n\t\t\t\t\t\t\t\t<\/div>\n\t\t\t\t\t\t<\/div>\n\t\t\t\t<\/div>\n\t\t\t\t\t<\/div>\n\t\t<\/div>\n\t\t\t\t\t<\/div>\n\t\t<\/section>\n\t\t\t\t<\/div>\n\t\t","protected":false},"excerpt":{"rendered":"<p>Assembl\u00e9e g\u00e9n\u00e9rale annuelle Vous trouverez ci-apr\u00e8s l&rsquo;ensemble des documents et des informations concernant l&rsquo;assembl\u00e9e g\u00e9n\u00e9rale annuelle.&nbsp; Document AGA 2026 Proc\u00e8s-verbal AGA 2025 &#8211; 18 f\u00e9vrier 2025 Pr\u00e9sentation AGA 2026 &#8211; 18 f\u00e9vrier 2026 Ordre du jour AGA 2026 \u00c9tats financiers 2025 Budget 2026 Rapport annuel 2025 Plan d&rsquo;action 2026 \u00c9valuation du plan d&rsquo;action 2025 Modifications [&hellip;]<\/p>\n","protected":false},"author":1,"featured_media":3748,"parent":0,"menu_order":0,"comment_status":"closed","ping_status":"closed","template":"full-width.php","meta":{"_acf_changed":false,"footnotes":""},"class_list":["post-1704","page","type-page","status-publish","has-post-thumbnail","hentry"],"acf":[],"jetpack_sharing_enabled":true,"_links":{"self":[{"href":"http:\/\/loisirslaprovidence.ca\/index.php\/wp-json\/wp\/v2\/pages\/1704","targetHints":{"allow":["GET"]}}],"collection":[{"href":"http:\/\/loisirslaprovidence.ca\/index.php\/wp-json\/wp\/v2\/pages"}],"about":[{"href":"http:\/\/loisirslaprovidence.ca\/index.php\/wp-json\/wp\/v2\/types\/page"}],"author":[{"embeddable":true,"href":"http:\/\/loisirslaprovidence.ca\/index.php\/wp-json\/wp\/v2\/users\/1"}],"replies":[{"embeddable":true,"href":"http:\/\/loisirslaprovidence.ca\/index.php\/wp-json\/wp\/v2\/comments?post=1704"}],"version-history":[{"count":140,"href":"http:\/\/loisirslaprovidence.ca\/index.php\/wp-json\/wp\/v2\/pages\/1704\/revisions"}],"predecessor-version":[{"id":4725,"href":"http:\/\/loisirslaprovidence.ca\/index.php\/wp-json\/wp\/v2\/pages\/1704\/revisions\/4725"}],"wp:featuredmedia":[{"embeddable":true,"href":"http:\/\/loisirslaprovidence.ca\/index.php\/wp-json\/wp\/v2\/media\/3748"}],"wp:attachment":[{"href":"http:\/\/loisirslaprovidence.ca\/index.php\/wp-json\/wp\/v2\/media?parent=1704"}],"curies":[{"name":"wp","href":"https:\/\/api.w.org\/{rel}","templated":true}]}}